{"id":697,"date":"2026-03-19T13:27:01","date_gmt":"2026-03-19T17:27:01","guid":{"rendered":"https:\/\/voyagefamille.ca\/?page_id=697"},"modified":"2026-03-22T21:23:15","modified_gmt":"2026-03-23T01:23:15","slug":"travel-generator","status":"publish","type":"page","link":"https:\/\/voyagefamille.ca\/en\/generateur-voyage\/","title":{"rendered":"Your customized travel itinerary in just one click"},"content":{"rendered":"\n<p>Plus besoin de passer des heures \u00e0 planifier ! Entre ta destination, la dur\u00e9e et tes pr\u00e9f\u00e9rences, et obtiens\u00a0instantan\u00e9ment\u00a0un\u00a0itin\u00e9raire voyage sur mesure\u00a0pour toute la famille. Gratuit et 100% adapt\u00e9 aux enfants.<\/p>\n\n\n<p><style id=\"wpforms-css-vars-694\">\n\t\t\t\t#wpforms-694 {\n\t\t\t\t--wpforms-container-padding: 0px;\n--wpforms-container-border-width: 1px;\n--wpforms-container-border-radius: 3px;\n--wpforms-background-color: rgba(0, 0, 0, 0);\n--wpforms-field-size-input-height: 43px;\n--wpforms-field-size-input-spacing: 15px;\n--wpforms-field-size-font-size: 16px;\n--wpforms-field-size-line-height: 19px;\n--wpforms-field-size-padding-h: 14px;\n--wpforms-field-size-checkbox-size: 16px;\n--wpforms-field-size-sublabel-spacing: 5px;\n--wpforms-field-size-icon-size: 1;\n--wpforms-label-size-font-size: 16px;\n--wpforms-label-size-line-height: 19px;\n--wpforms-label-size-sublabel-font-size: 14px;\n--wpforms-label-size-sublabel-line-height: 17px;\n--wpforms-button-size-font-size: 17px;\n--wpforms-button-size-height: 41px;\n--wpforms-button-size-padding-h: 15px;\n--wpforms-button-size-margin-top: 10px;\n--wpforms-container-shadow-size-box-shadow: none;\n\t\t\t}\n\t\t\t<\/style><div class=\"wpforms-container wpforms-container-full wpforms-render-modern\" id=\"wpforms-694\"><form id=\"wpforms-form-694\" class=\"wpforms-validate wpforms-form\" data-formid=\"694\" method=\"post\" enctype=\"multipart\/form-data\" action=\"\/en\/wp-json\/wp\/v2\/pages\/697\" data-token=\"3a4557b597d380f156ee49e404cffdf1\" data-token-time=\"1775409329\"><noscript class=\"wpforms-error-noscript\">Please enable JavaScript in your browser to complete this form.<\/noscript><div id=\"wpforms-error-noscript\" style=\"display: none;\">Please enable JavaScript in your browser to complete this form.<\/div><div class=\"wpforms-field-container\"><div id=\"wpforms-694-field_1-container\" class=\"wpforms-field wpforms-field-text\" data-field-id=\"1\"><label class=\"wpforms-field-label\" for=\"wpforms-694-field_1\">Destination<\/label><input type=\"text\" id=\"wpforms-694-field_1\" class=\"wpforms-field-medium\" name=\"wpforms[fields][1]\" aria-errormessage=\"wpforms-694-field_1-error\" aria-describedby=\"wpforms-694-field_1-description\" ><div id=\"wpforms-694-field_1-description\" class=\"wpforms-field-description\">Entrez une ville, une r\u00e9gion, un pays ou m\u00eame plusieurs destinations. Plus vous \u00eates pr\u00e9cis, plus votre itin\u00e9raire sera pertinent !\n<br \/>\n\ud83c\udfd9\ufe0f Villes \u2014 Paris \u00b7 Lisbonne \u00b7 New York \u00b7 Tokyo\n<br \/>\n\ud83d\uddfa\ufe0f R\u00e9gions \u2014 Toscane \u00b7 Provence \u00b7 C\u00f4te Amalfitaine \u00b7 Algarve\n<br \/>\n\ud83c\udf0d Pays \u2014 Portugal \u00b7 Islande \u00b7 Japon \u00b7 Maroc\n<br \/>\n\u27a1\ufe0f Multi-destinations \u2014 Paris \u2192 Amsterdam \u2192 Bruges \u00b7 Rome \u2192 Florence \u2192 Venise<\/div><\/div><div id=\"wpforms-694-field_2-container\" class=\"wpforms-field wpforms-field-select wpforms-field-select-style-classic\" data-field-id=\"2\"><label class=\"wpforms-field-label\" for=\"wpforms-694-field_2\">Dur\u00e9e<\/label><select id=\"wpforms-694-field_2\" class=\"wpforms-field-medium\" name=\"wpforms[fields][2]\"><option value=\"1 semaine\"  class=\"choice-1 depth-1\"  >1 semaine<\/option><option value=\"2 semaines\"  class=\"choice-2 depth-1\"  >2 semaines<\/option><option value=\"3 semaines\"  class=\"choice-3 depth-1\"  >3 semaines<\/option><\/select><\/div>\t\t<div id=\"wpforms-694-field_8-container\"\n\t\t\tclass=\"wpforms-field wpforms-field-text\"\n\t\t\tdata-field-type=\"text\"\n\t\t\tdata-field-id=\"8\"\n\t\t\t>\n\t\t\t<label class=\"wpforms-field-label\" for=\"wpforms-694-field_8\" >de Consentement Dur\u00e9e<\/label>\n\t\t\t<input type=\"text\" id=\"wpforms-694-field_8\" class=\"wpforms-field-medium\" name=\"wpforms[fields][8]\" >\n\t\t<\/div>\n\t\t<div id=\"wpforms-694-field_3-container\" class=\"wpforms-field wpforms-field-select wpforms-field-select-style-classic\" data-field-id=\"3\"><label class=\"wpforms-field-label\" for=\"wpforms-694-field_3\">Mois \/ P\u00e9riode<\/label><select id=\"wpforms-694-field_3\" class=\"wpforms-field-medium\" name=\"wpforms[fields][3]\"><option value=\"Janvier\"  class=\"choice-1 depth-1\"  >Janvier<\/option><option value=\"F\u00e9vrier\"  class=\"choice-2 depth-1\"  >F\u00e9vrier<\/option><option value=\"Mars\"  class=\"choice-3 depth-1\"  >Mars<\/option><option value=\"Avril\"  class=\"choice-4 depth-1\"  >Avril<\/option><option value=\"Mai\"  class=\"choice-5 depth-1\"  >Mai<\/option><option value=\"Juin\"  class=\"choice-6 depth-1\"  >Juin<\/option><option value=\"Juillet\"  class=\"choice-7 depth-1\"  >Juillet<\/option><option value=\"Ao\u00fbt\"  class=\"choice-8 depth-1\"  >Ao\u00fbt<\/option><option value=\"Septembre\"  class=\"choice-9 depth-1\"  >Septembre<\/option><option value=\"Octobre\"  class=\"choice-10 depth-1\"  >Octobre<\/option><option value=\"Novembre\"  class=\"choice-11 depth-1\"  >Novembre<\/option><option value=\"D\u00e9cembre\"  class=\"choice-12 depth-1\"  >D\u00e9cembre<\/option><\/select><\/div><div id=\"wpforms-694-field_4-container\" class=\"wpforms-field wpforms-field-radio\" data-field-id=\"4\"><fieldset><legend class=\"wpforms-field-label\">Composition du groupe<\/legend><ul id=\"wpforms-694-field_4\"><li class=\"choice-1 depth-1\"><input type=\"radio\" id=\"wpforms-694-field_4_1\" name=\"wpforms[fields][4]\" value=\"Solo\" aria-errormessage=\"wpforms-694-field_4_1-error\"  ><label class=\"wpforms-field-label-inline\" for=\"wpforms-694-field_4_1\">Solo<\/label><\/li><li class=\"choice-2 depth-1\"><input type=\"radio\" id=\"wpforms-694-field_4_2\" name=\"wpforms[fields][4]\" value=\"Couple\" aria-errormessage=\"wpforms-694-field_4_2-error\"  ><label class=\"wpforms-field-label-inline\" for=\"wpforms-694-field_4_2\">Couple<\/label><\/li><li class=\"choice-3 depth-1\"><input type=\"radio\" id=\"wpforms-694-field_4_3\" name=\"wpforms[fields][4]\" value=\"Famille avec enfants\" aria-errormessage=\"wpforms-694-field_4_3-error\"  ><label class=\"wpforms-field-label-inline\" for=\"wpforms-694-field_4_3\">Famille avec enfants<\/label><\/li><li class=\"choice-4 depth-1\"><input type=\"radio\" id=\"wpforms-694-field_4_4\" name=\"wpforms[fields][4]\" value=\"Groupe d&#039;amis\" aria-errormessage=\"wpforms-694-field_4_4-error\"  ><label class=\"wpforms-field-label-inline\" for=\"wpforms-694-field_4_4\">Groupe d'amis<\/label><\/li><li class=\"choice-5 depth-1\"><input type=\"radio\" id=\"wpforms-694-field_4_5\" name=\"wpforms[fields][4]\" value=\"Seniors\" aria-errormessage=\"wpforms-694-field_4_5-error\"  ><label class=\"wpforms-field-label-inline\" for=\"wpforms-694-field_4_5\">Seniors<\/label><\/li><\/ul><\/fieldset><\/div><div id=\"wpforms-694-field_5-container\" class=\"wpforms-field wpforms-field-checkbox\" data-field-id=\"5\"><fieldset><legend class=\"wpforms-field-label\">Style de voyage<\/legend><ul id=\"wpforms-694-field_5\"><li class=\"choice-1 depth-1\"><input type=\"checkbox\" id=\"wpforms-694-field_5_1\" name=\"wpforms[fields][5][]\" value=\"Culture &amp; Histoire\" aria-errormessage=\"wpforms-694-field_5_1-error\"  ><label class=\"wpforms-field-label-inline\" for=\"wpforms-694-field_5_1\">Culture &amp; Histoire<\/label><\/li><li class=\"choice-2 depth-1\"><input type=\"checkbox\" id=\"wpforms-694-field_5_2\" name=\"wpforms[fields][5][]\" value=\"Nature &amp; Plein air\" aria-errormessage=\"wpforms-694-field_5_2-error\"  ><label class=\"wpforms-field-label-inline\" for=\"wpforms-694-field_5_2\">Nature &amp; Plein air<\/label><\/li><li class=\"choice-3 depth-1\"><input type=\"checkbox\" id=\"wpforms-694-field_5_3\" name=\"wpforms[fields][5][]\" value=\"Gastronomie\" aria-errormessage=\"wpforms-694-field_5_3-error\"  ><label class=\"wpforms-field-label-inline\" for=\"wpforms-694-field_5_3\">Gastronomie<\/label><\/li><li class=\"choice-4 depth-1\"><input type=\"checkbox\" id=\"wpforms-694-field_5_4\" name=\"wpforms[fields][5][]\" value=\"Plage &amp; D\u00e9tente\" aria-errormessage=\"wpforms-694-field_5_4-error\"  ><label class=\"wpforms-field-label-inline\" for=\"wpforms-694-field_5_4\">Plage &amp; D\u00e9tente<\/label><\/li><li class=\"choice-5 depth-1\"><input type=\"checkbox\" id=\"wpforms-694-field_5_5\" name=\"wpforms[fields][5][]\" value=\"Aventure\" aria-errormessage=\"wpforms-694-field_5_5-error\"  ><label class=\"wpforms-field-label-inline\" for=\"wpforms-694-field_5_5\">Aventure<\/label><\/li><li class=\"choice-6 depth-1\"><input type=\"checkbox\" id=\"wpforms-694-field_5_6\" name=\"wpforms[fields][5][]\" value=\"Shopping\" aria-errormessage=\"wpforms-694-field_5_6-error\"  ><label class=\"wpforms-field-label-inline\" for=\"wpforms-694-field_5_6\">Shopping<\/label><\/li><li class=\"choice-7 depth-1\"><input type=\"checkbox\" id=\"wpforms-694-field_5_7\" name=\"wpforms[fields][5][]\" value=\"Road Trip\" aria-errormessage=\"wpforms-694-field_5_7-error\"  ><label class=\"wpforms-field-label-inline\" for=\"wpforms-694-field_5_7\">Road Trip<\/label><\/li><\/ul><\/fieldset><\/div><div id=\"wpforms-694-field_6-container\" class=\"wpforms-field wpforms-field-email\" data-field-id=\"6\"><label class=\"wpforms-field-label\" for=\"wpforms-694-field_6\">Courriel<\/label><input type=\"email\" id=\"wpforms-694-field_6\" class=\"wpforms-field-medium\" name=\"wpforms[fields][6]\" spellcheck=\"false\" aria-errormessage=\"wpforms-694-field_6-error\" aria-describedby=\"wpforms-694-field_6-description\" ><div id=\"wpforms-694-field_6-description\" class=\"wpforms-field-description\">Inscris-toi pour recevoir nos guides et itin\u00e9raires exclusifs.<\/div><\/div><div id=\"wpforms-694-field_7-container\" class=\"wpforms-field wpforms-field-checkbox\" data-field-id=\"7\"><fieldset><legend class=\"wpforms-field-label\">Consentement<\/legend><ul id=\"wpforms-694-field_7\"><li class=\"choice-1 depth-1\"><input type=\"checkbox\" id=\"wpforms-694-field_7_1\" name=\"wpforms[fields][7][]\" value=\"J&#039;accepte de recevoir des courriels de Voyage en famille\" aria-errormessage=\"wpforms-694-field_7_1-error\"  ><label class=\"wpforms-field-label-inline\" for=\"wpforms-694-field_7_1\">J'accepte de recevoir des courriels de Voyage en famille<\/label><\/li><\/ul><\/fieldset><\/div><script>\n\t\t\t\t( function() {\n\t\t\t\t\tconst style = document.createElement( 'style' );\n\t\t\t\t\tstyle.appendChild( document.createTextNode( '#wpforms-694-field_8-container { position: absolute !important; overflow: hidden !important; display: inline !important; height: 1px !important; width: 1px !important; z-index: -1000 !important; padding: 0 !important; } #wpforms-694-field_8-container input { visibility: hidden; } #wpforms-conversational-form-page #wpforms-694-field_8-container label { counter-increment: none; }' ) );\n\t\t\t\t\tdocument.head.appendChild( style );\n\t\t\t\t\tdocument.currentScript?.remove();\n\t\t\t\t} )();\n\t\t\t<\/script><\/div><!-- .wpforms-field-container --><div class=\"wpforms-submit-container\" ><input type=\"hidden\" name=\"wpforms[id]\" value=\"694\"><input type=\"hidden\" name=\"page_title\" value=\"\"><input type=\"hidden\" name=\"page_url\" value=\"https:\/\/voyagefamille.ca\/en\/wp-json\/wp\/v2\/pages\/697\"><input type=\"hidden\" name=\"url_referer\" value=\"\"><button type=\"submit\" name=\"wpforms[submit]\" id=\"wpforms-submit-694\" class=\"wpforms-submit\" data-alt-text=\"Sending...\" data-submit-text=\"Submit\" aria-live=\"assertive\" value=\"wpforms-submit\">Submit<\/button><\/div><\/form><\/div>  <!-- .wpforms-container --><br \/>\n<button id=\"btn-itineraire-gratuit\">\u2728 Itin\u00e9raire Gratuit<\/button><\/p>\n<div id=\"iti-result-gratuit\"><\/div>\n\n\n\n<p><\/p>\n","protected":false},"excerpt":{"rendered":"<p>No need to spend hours planning! Enter your destination, duration and preferences, and instantly get a tailor-made travel itinerary for the whole family. Free and 100% child-friendly.<\/p>","protected":false},"author":1,"featured_media":722,"parent":0,"menu_order":0,"comment_status":"closed","ping_status":"closed","template":"","meta":{"_kadence_starter_templates_imported_post":false,"_kad_post_transparent":"","_kad_post_title":"","_kad_post_layout":"","_kad_post_sidebar_id":"","_kad_post_content_style":"","_kad_post_vertical_padding":"","_kad_post_feature":"","_kad_post_feature_position":"","_kad_post_header":false,"_kad_post_footer":false,"_kad_post_classname":"","footnotes":""},"class_list":["post-697","page","type-page","status-publish","has-post-thumbnail","hentry"],"_links":{"self":[{"href":"https:\/\/voyagefamille.ca\/en\/wp-json\/wp\/v2\/pages\/697","targetHints":{"allow":["GET"]}}],"collection":[{"href":"https:\/\/voyagefamille.ca\/en\/wp-json\/wp\/v2\/pages"}],"about":[{"href":"https:\/\/voyagefamille.ca\/en\/wp-json\/wp\/v2\/types\/page"}],"author":[{"embeddable":true,"href":"https:\/\/voyagefamille.ca\/en\/wp-json\/wp\/v2\/users\/1"}],"replies":[{"embeddable":true,"href":"https:\/\/voyagefamille.ca\/en\/wp-json\/wp\/v2\/comments?post=697"}],"version-history":[{"count":13,"href":"https:\/\/voyagefamille.ca\/en\/wp-json\/wp\/v2\/pages\/697\/revisions"}],"predecessor-version":[{"id":973,"href":"https:\/\/voyagefamille.ca\/en\/wp-json\/wp\/v2\/pages\/697\/revisions\/973"}],"wp:featuredmedia":[{"embeddable":true,"href":"https:\/\/voyagefamille.ca\/en\/wp-json\/wp\/v2\/media\/722"}],"wp:attachment":[{"href":"https:\/\/voyagefamille.ca\/en\/wp-json\/wp\/v2\/media?parent=697"}],"curies":[{"name":"wp","href":"https:\/\/api.w.org\/{rel}","templated":true}]}}