{"id":1480,"date":"2026-04-10T21:42:18","date_gmt":"2026-04-11T01:42:18","guid":{"rendered":"https:\/\/voyagefamille.ca\/?page_id=1480"},"modified":"2026-04-12T21:44:45","modified_gmt":"2026-04-13T01:44:45","slug":"when-to-go","status":"publish","type":"page","link":"https:\/\/voyagefamille.ca\/en\/quand-partir\/","title":{"rendered":"When to go with family?"},"content":{"rendered":"<p>Not sure when to go? Tell us your destination and we'll tell you the best time to go with your family \u2013 weather, crowds, and peace of mind included.<\/p>\n\n\n\n<div class=\"vt-quand-partir\">\n  <div class=\"vt-qp-grid\">\n    <div class=\"vt-qp-field\">\n      <label>Destination<\/label>\n      <input type=\"text\" id=\"qp-destination\" placeholder=\"Panama, Costa Rica, Aruba...\" \/>\n    <\/div>\n    <div class=\"vt-qp-field\">\n      <label>Available period<\/label>\n      <select id=\"qp-periode\">\n        <option value=\"\">\u2014 Choose \u2014<\/option>\n        <option>Spring break (March)<\/option>\n        <option>Summer (June-August)<\/option>\n        <option>Fall (Sep-Nov)<\/option>\n        <option>Winter (Dec-Feb)<\/option>\n        <option>Flexible<\/option>\n      <\/select>\n    <\/div>\n    <div class=\"vt-qp-field\">\n      <label>Family Composition<\/label>\n      <select id=\"qp-famille\">\n        <option value=\"\">\u2014 Choose \u2014<\/option>\n        <option>Toddlers (0-5 years)<\/option>\n        <option>Children (6-12 years)<\/option>\n        <option>Adolescents (13-17 years old)<\/option>\n        <option>Adults only<\/option>\n        <option>Age mix<\/option>\n      <\/select>\n    <\/div>\n    <div class=\"vt-qp-field\">\n      <label>Priority<\/label>\n      <select id=\"qp-priorite\">\n        <option value=\"\">\u2014 Choose \u2014<\/option>\n        <option>Avoid the rain<\/option>\n        <option>Avoid the crowds<\/option>\n        <option>Best price<\/option>\n        <option>Maximum heat<\/option>\n        <option>General equilibrium<\/option>\n      <\/select>\n    <\/div>\n  <\/div>\n  <button id=\"btn-quand-partir\">Get my recommendation<\/button>\n  <div id=\"qp-resultat\"><\/div>\n<\/div>\n\n\n\n<p><\/p>","protected":false},"excerpt":{"rendered":"<p>Pas s\u00fbr de quand partir ? Dis-nous ta destination et on te donne le meilleur moment pour y aller en famille \u2014 m\u00e9t\u00e9o, foule et tranquillit\u00e9 d&rsquo;esprit inclus. Destination P\u00e9riode disponible &#8212; Choisir &#8212;Semaine de rel\u00e2che (mars)\u00c9t\u00e9 (juin-ao\u00fbt)Automne (sept-nov)Hiver (d\u00e9c-f\u00e9v)Flexible Composition de la famille &#8212; Choisir &#8212;Enfants en bas \u00e2ge (0-5 ans)Enfants (6-12 ans)Adolescents (13-17&#8230;<\/p>","protected":false},"author":1,"featured_media":1505,"parent":0,"menu_order":0,"comment_status":"closed","ping_status":"closed","template":"","meta":{"_kad_post_transparent":"","_kad_post_title":"","_kad_post_layout":"","_kad_post_sidebar_id":"","_kad_post_content_style":"","_kad_post_vertical_padding":"","_kad_post_feature":"","_kad_post_feature_position":"","_kad_post_header":false,"_kad_post_footer":false,"_kad_post_classname":"","footnotes":""},"class_list":["post-1480","page","type-page","status-publish","has-post-thumbnail","hentry"],"_links":{"self":[{"href":"https:\/\/voyagefamille.ca\/en\/wp-json\/wp\/v2\/pages\/1480","targetHints":{"allow":["GET"]}}],"collection":[{"href":"https:\/\/voyagefamille.ca\/en\/wp-json\/wp\/v2\/pages"}],"about":[{"href":"https:\/\/voyagefamille.ca\/en\/wp-json\/wp\/v2\/types\/page"}],"author":[{"embeddable":true,"href":"https:\/\/voyagefamille.ca\/en\/wp-json\/wp\/v2\/users\/1"}],"replies":[{"embeddable":true,"href":"https:\/\/voyagefamille.ca\/en\/wp-json\/wp\/v2\/comments?post=1480"}],"version-history":[{"count":0,"href":"https:\/\/voyagefamille.ca\/en\/wp-json\/wp\/v2\/pages\/1480\/revisions"}],"wp:featuredmedia":[{"embeddable":true,"href":"https:\/\/voyagefamille.ca\/en\/wp-json\/wp\/v2\/media\/1505"}],"wp:attachment":[{"href":"https:\/\/voyagefamille.ca\/en\/wp-json\/wp\/v2\/media?parent=1480"}],"curies":[{"name":"wp","href":"https:\/\/api.w.org\/{rel}","templated":true}]}}