{"id":1243,"date":"2026-04-06T02:14:56","date_gmt":"2026-04-06T06:14:56","guid":{"rendered":"https:\/\/voyagefamille.ca\/?page_id=1243"},"modified":"2026-04-06T02:19:28","modified_gmt":"2026-04-06T06:19:28","slug":"about-2","status":"publish","type":"page","link":"https:\/\/voyagefamille.ca\/en\/a-propos\/","title":{"rendered":"About"},"content":{"rendered":"<p><\/p>\n\n\n\n<div class=\"wp-block-columns is-layout-flex wp-container-core-columns-is-layout-9d6595d7 wp-block-columns-is-layout-flex\">\n<div class=\"wp-block-column is-layout-flow wp-block-column-is-layout-flow\" style=\"flex-basis:66.66%\">\n<p><strong>Hello and welcome to my family travel blog!<\/strong><\/p>\n\n\n\n<p>Ever since I can remember, I've always loved to travel. Discovering new places, imagining the landscapes, tasting other cultures... all of that fascinates me immensely. But, to be honest, there's something I love even more than travel itself: preparing for the trip.<\/p>\n\n\n\n<p>For me, the pleasure begins long before departure. I love researching destinations, comparing itineraries, and discovering must-see places as well as hidden gems. I can spend hours\u2014sometimes even days\u2014asking myself a thousand questions: where to sleep, which neighborhood to choose, what to do with the kids, what's the best time to visit, and which places are truly worth the trip?<\/p>\n\n\n\n<p>I've always dreamed of having a travel blog. The problem? French and I have always been complicated. So, for years, I traveled, took thousands of photos, and accumulated incredible memories, without ever publishing anything.<\/p>\n\n\n\n<p>Until the day I discovered that artificial intelligence could help me put my words into shape. I live the adventures, I take the notes, I do the budget calculations. AI simply helps me tell all that more clearly.<\/p>\n\n\n\n<p>The trips are 100% true. The emotions are 100% mine. And now, you can finally read them.<\/p>\n<\/div>\n\n\n\n<div class=\"wp-block-column is-layout-flow wp-block-column-is-layout-flow\" style=\"flex-basis:33.33%\">\n<figure class=\"wp-block-image size-full\"><img loading=\"lazy\" decoding=\"async\" width=\"627\" height=\"554\" src=\"https:\/\/voyagefamille.ca\/wp-content\/uploads\/2026\/04\/69b499fd163dd8.35867902_Sanstitre.png\" alt=\"\" class=\"wp-image-1007\" srcset=\"https:\/\/voyagefamille.ca\/wp-content\/uploads\/2026\/04\/69b499fd163dd8.35867902_Sanstitre.png 627w, https:\/\/voyagefamille.ca\/wp-content\/uploads\/2026\/04\/69b499fd163dd8.35867902_Sanstitre-300x265.png 300w, https:\/\/voyagefamille.ca\/wp-content\/uploads\/2026\/04\/69b499fd163dd8.35867902_Sanstitre-14x12.png 14w\" sizes=\"auto, (max-width: 627px) 100vw, 627px\" \/><\/figure>\n\n\n\n<p style=\"margin-top:0;margin-bottom:var(--wp--preset--spacing--40);padding-top:0;padding-right:0;padding-bottom:0;padding-left:0\"><strong>Nicholas Gagn\u00e9<\/strong><\/p>\n\n\n\n<p>I am a fulfilled family man, with two teenagers and an extraordinary blonde that I love deeply.<\/p>\n\n\n\n<p>What we love most is spending time together, whether at home, on the road, or traveling.<a href=\"https:\/\/www.perplexity.ai\/search\/9ca268e5-6262-4dc6-83b1-60ca729929a4\" target=\"_blank\" rel=\"noreferrer noopener\"><\/a><\/p>\n<\/div>\n<\/div>","protected":false},"excerpt":{"rendered":"<p>Bonjour et bienvenue sur mon blog de voyages en famille ! Depuis aussi loin que je me souvienne, j\u2019ai toujours ador\u00e9 voyager. D\u00e9couvrir de nouveaux endroits, imaginer les paysages, go\u00fbter \u00e0 d\u2019autres cultures\u2026 tout cela me passionne \u00e9norm\u00e9ment. Mais, pour \u00eatre honn\u00eate, il y a quelque chose que j\u2019aime encore plus que le voyage lui-m\u00eame&#8230;<\/p>","protected":false},"author":1,"featured_media":0,"parent":0,"menu_order":0,"comment_status":"closed","ping_status":"closed","template":"","meta":{"_kad_post_transparent":"","_kad_post_title":"","_kad_post_layout":"","_kad_post_sidebar_id":"","_kad_post_content_style":"","_kad_post_vertical_padding":"","_kad_post_feature":"","_kad_post_feature_position":"","_kad_post_header":false,"_kad_post_footer":false,"_kad_post_classname":"","footnotes":""},"class_list":["post-1243","page","type-page","status-publish","hentry"],"_links":{"self":[{"href":"https:\/\/voyagefamille.ca\/en\/wp-json\/wp\/v2\/pages\/1243","targetHints":{"allow":["GET"]}}],"collection":[{"href":"https:\/\/voyagefamille.ca\/en\/wp-json\/wp\/v2\/pages"}],"about":[{"href":"https:\/\/voyagefamille.ca\/en\/wp-json\/wp\/v2\/types\/page"}],"author":[{"embeddable":true,"href":"https:\/\/voyagefamille.ca\/en\/wp-json\/wp\/v2\/users\/1"}],"replies":[{"embeddable":true,"href":"https:\/\/voyagefamille.ca\/en\/wp-json\/wp\/v2\/comments?post=1243"}],"version-history":[{"count":0,"href":"https:\/\/voyagefamille.ca\/en\/wp-json\/wp\/v2\/pages\/1243\/revisions"}],"wp:attachment":[{"href":"https:\/\/voyagefamille.ca\/en\/wp-json\/wp\/v2\/media?parent=1243"}],"curies":[{"name":"wp","href":"https:\/\/api.w.org\/{rel}","templated":true}]}}